{"id":124,"date":"2025-06-12T18:16:12","date_gmt":"2025-06-12T18:16:12","guid":{"rendered":"https:\/\/konkretiakirjanpitofi-wp32468.test.cchosting.fi\/?page_id=124"},"modified":"2025-08-24T08:17:46","modified_gmt":"2025-08-24T05:17:46","slug":"stod-for-dataskydd","status":"publish","type":"page","link":"https:\/\/konkretiakirjanpito.fi\/sv\/tietosuojakaytanto","title":{"rendered":"Integritetspolicy"},"content":{"rendered":"<div data-elementor-type=\"wp-page\" data-elementor-id=\"124\" class=\"elementor elementor-124\" data-elementor-post-type=\"page\">\n\t\t\t\t<div class=\"elementor-element elementor-element-7b471ad8 e-flex e-con-boxed e-con e-parent\" data-id=\"7b471ad8\" data-element_type=\"container\" data-e-type=\"container\" data-settings=\"{&quot;background_background&quot;:&quot;gradient&quot;}\">\n\t\t\t\t\t<div class=\"e-con-inner\">\n\t\t<div class=\"elementor-element elementor-element-33f3692d e-con-full e-flex e-con e-child\" data-id=\"33f3692d\" data-element_type=\"container\" data-e-type=\"container\">\n\t\t\t\t<div class=\"elementor-element elementor-element-23338623 elementor-widget elementor-widget-heading\" data-id=\"23338623\" data-element_type=\"widget\" data-e-type=\"widget\" data-widget_type=\"heading.default\">\n\t\t\t\t<div class=\"elementor-widget-container\">\n\t\t\t\t\t<h2 class=\"elementor-heading-title elementor-size-default\">Integritetspolicy<\/h2>\t\t\t\t<\/div>\n\t\t\t\t<\/div>\n\t\t\t\t<\/div>\n\t\t\t\t\t<\/div>\n\t\t\t\t<\/div>\n\t\t<div class=\"elementor-element elementor-element-17221b90 e-con-full e-flex e-con e-parent\" data-id=\"17221b90\" data-element_type=\"container\" data-e-type=\"container\" data-settings=\"{&quot;background_background&quot;:&quot;classic&quot;}\">\n\t\t<div class=\"elementor-element elementor-element-8d21454 e-flex e-con-boxed e-con e-child\" data-id=\"8d21454\" data-element_type=\"container\" data-e-type=\"container\">\n\t\t\t\t\t<div class=\"e-con-inner\">\n\t\t\t\t<div class=\"elementor-element elementor-element-53e539ad elementor-widget elementor-widget-text-editor\" data-id=\"53e539ad\" data-element_type=\"widget\" data-e-type=\"widget\" data-widget_type=\"text-editor.default\">\n\t\t\t\t<div class=\"elementor-widget-container\">\n\t\t\t\t\t\t\t\t\t<div class=\"elementor elementor-2581\" data-elementor-type=\"wp-page\" data-elementor-id=\"2581\" data-elementor-post-type=\"page\"><div class=\"elementor-element elementor-element-1feb0dd e-flex e-con-boxed e-con e-parent\" data-id=\"1feb0dd\" data-element_type=\"container\"><div class=\"e-con-inner\"><div class=\"elementor-element elementor-element-d0f64c4 e-con-full e-flex e-con e-child\" data-id=\"d0f64c4\" data-element_type=\"container\"><h1 data-start=\"109\" data-end=\"130\">Integritetspolicy<\/h1><h3 data-start=\"132\" data-end=\"154\">Styrenhet<\/h3><p data-start=\"156\" data-end=\"269\"><strong data-start=\"156\" data-end=\"167\">F\u00f6retaget:<\/strong> Konkretia Kirjanpito<br data-start=\"188\" data-end=\"191\" \/><strong data-start=\"191\" data-end=\"204\">F\u00f6retags-ID:<\/strong> 3537106-3<br data-start=\"227\" data-end=\"230\" \/><strong data-start=\"230\" data-end=\"246\">Postadress och telefonnummer:<\/strong> <span class=\"MuiTypography-root MuiTypography-body2 css-zhdbft\">Erottajankatu 15-17 lh. 412, 00130 Helsingfors, Finland<\/span><\/p><hr data-start=\"271\" data-end=\"274\" \/><h3 data-start=\"276\" data-end=\"295\">Kontakt<\/h3><ul><li data-start=\"297\" data-end=\"338\">Sami Aaltonen<\/li><li data-start=\"297\" data-end=\"338\">info@concrete-accounting.<\/li><li data-start=\"297\" data-end=\"338\">+358 45 312 1511<\/li><\/ul><p data-start=\"340\" data-end=\"377\"><strong data-start=\"340\" data-end=\"364\">Konkretia Kirjanpito<\/strong><br data-start=\"364\" data-end=\"367\" \/><span class=\"MuiTypography-root MuiTypography-body2 css-zhdbft\">Erottajankatu 15-17 lh. 412, 00130 Helsingfors, Finland<\/span><\/p><hr data-start=\"379\" data-end=\"382\" \/><h3 data-start=\"384\" data-end=\"449\">Vilken information vi samlar in och hur vi anv\u00e4nder den information vi samlar in<\/h3><p data-start=\"451\" data-end=\"797\">Vi samlar in personuppgifter (t.ex. namn och e-postadress) som tillhandah\u00e5lls av anv\u00e4ndaren via formul\u00e4ret, samt andra uppgifter n\u00e4r en kundrelation uppr\u00e4ttas, som ett villkor f\u00f6r att uppr\u00e4tth\u00e5lla den och tillhandah\u00e5lla tj\u00e4nsten.<br data-start=\"644\" data-end=\"647\" \/>Vi samlar ocks\u00e5 in webbplatsanalys, till exempel surf- och anv\u00e4ndningsdata, f\u00f6r att f\u00f6rb\u00e4ttra din anv\u00e4ndarupplevelse och f\u00f6r att f\u00f6rb\u00e4ttra v\u00e5r egen service.<\/p><hr data-start=\"799\" data-end=\"802\" \/><h3 data-start=\"804\" data-end=\"838\">Tj\u00e4nster fr\u00e5n tredje part<\/h3><p data-start=\"840\" data-end=\"1140\">De tredjepartstj\u00e4nster som vi anv\u00e4nder har valts ut noggrant f\u00f6r att s\u00e4kerst\u00e4lla att de f\u00f6ljer EU:s dataskyddslagstiftning, \u00e4ven vid behandling av personuppgifter utanf\u00f6r EU och EES. Om det beh\u00f6vs kan du begr\u00e4nsa anv\u00e4ndningen av cookies genom att klicka p\u00e5 knappen \u201cRedigera cookies\u201d l\u00e4ngst ner p\u00e5 sidan.<\/p><hr data-start=\"1329\" data-end=\"1332\" \/><h3 data-start=\"1334\" data-end=\"1356\">Google Analytics<\/h3><p data-start=\"1358\" data-end=\"1650\">Google Analytics samlar in information om antalet bes\u00f6kare p\u00e5 v\u00e5r webbplats, trafikk\u00e4llorna, anv\u00e4ndningen av v\u00e5r webbplats och m\u00e4ter uppn\u00e5endet av de prestationsm\u00e5l som vi har satt upp. Google kan ocks\u00e5 anv\u00e4nda denna information f\u00f6r riktad reklam. De cookies som lagras av Google Analytics identifierar bes\u00f6karen anonymt.<\/p><p data-start=\"1652\" data-end=\"1685\">L\u00e4s mer om Google Analytics.<\/p><hr data-start=\"1687\" data-end=\"1690\" \/><h3 data-start=\"1692\" data-end=\"1738\">Lagring och skydd av personuppgifter<\/h3><p data-start=\"1740\" data-end=\"1888\">Vi sparar personuppgifterna s\u00e5 l\u00e4nge kundrelationen varar. Den registrerade kan beg\u00e4ra r\u00e4ttelse eller radering av sina uppgifter i enlighet med dataskyddslagstiftningen.<\/p><hr data-start=\"1890\" data-end=\"1893\" \/><h3 data-start=\"1895\" data-end=\"1910\">Dina r\u00e4ttigheter<\/h3><p data-start=\"1912\" data-end=\"2052\">Som registrerad anv\u00e4ndare har du r\u00e4tt att kontrollera dina personuppgifter, korrigera dina personuppgifter och \u00e5terkalla ditt samtycke till behandlingen av dina uppgifter.<\/p><hr data-start=\"2054\" data-end=\"2057\" \/><h3 data-start=\"2059\" data-end=\"2084\">Genomf\u00f6rande av r\u00e4ttigheter<\/h3><p data-start=\"2086\" data-end=\"2123\">info@konkretiakirjanpito.fi<br data-start=\"2104\" data-end=\"2107\" \/><span class=\"MuiTypography-root MuiTypography-body2 css-zhdbft\">Erottajankatu 15-17 lh. 412, 00130 Helsingfors, Finland<\/span><\/p><hr data-start=\"2125\" data-end=\"2128\" \/><h3 data-start=\"2130\" data-end=\"2146\">Klagom\u00e5l<\/h3><p data-start=\"2148\" data-end=\"2355\">Om du anser att vi behandlar dina personuppgifter i strid med v\u00e5rt integritetsmeddelande eller g\u00e4llande dataskyddslagar, har du r\u00e4tt att l\u00e4mna in ett klagom\u00e5l till Data Protection Ombudsman.<a href=\"https:\/\/tietosuoja.fi\/ilmoitus-tietosuojavaltuutetulle\" target=\"_blank\" rel=\"noopener\">: Meddela dataskyddsombudet.<\/a><\/p><\/div><\/div><\/div><\/div>\t\t\t\t\t\t\t\t<\/div>\n\t\t\t\t<\/div>\n\t\t\t\t<div class=\"elementor-element elementor-element-6f6978d9 elementor-widget-divider--view-line elementor-widget elementor-widget-divider\" data-id=\"6f6978d9\" data-element_type=\"widget\" data-e-type=\"widget\" data-widget_type=\"divider.default\">\n\t\t\t\t<div class=\"elementor-widget-container\">\n\t\t\t\t\t\t\t<div class=\"elementor-divider\">\n\t\t\t<span class=\"elementor-divider-separator\">\n\t\t\t\t\t\t<\/span>\n\t\t<\/div>\n\t\t\t\t\t\t<\/div>\n\t\t\t\t<\/div>\n\t\t\t\t<div class=\"elementor-element elementor-element-55bb8464 elementor-widget-divider--view-line elementor-widget elementor-widget-divider\" data-id=\"55bb8464\" data-element_type=\"widget\" data-e-type=\"widget\" data-widget_type=\"divider.default\">\n\t\t\t\t<div class=\"elementor-widget-container\">\n\t\t\t\t\t\t\t<div class=\"elementor-divider\">\n\t\t\t<span class=\"elementor-divider-separator\">\n\t\t\t\t\t\t<\/span>\n\t\t<\/div>\n\t\t\t\t\t\t<\/div>\n\t\t\t\t<\/div>\n\t\t\t\t\t<\/div>\n\t\t\t\t<\/div>\n\t\t\t\t<\/div>\n\t\t\t\t<\/div>","protected":false},"excerpt":{"rendered":"<p>V\u00e4nligen l\u00e4s Concrete Accountings integritetspolicy. Vi f\u00f6rklarar vilka personuppgifter vi samlar in, hur vi anv\u00e4nder dem och hur vi skyddar dem.<\/p>","protected":false},"author":2,"featured_media":31,"parent":0,"menu_order":11,"comment_status":"closed","ping_status":"closed","template":"","meta":{"footnotes":""},"class_list":["post-124","page","type-page","status-publish","has-post-thumbnail","hentry"],"_links":{"self":[{"href":"https:\/\/konkretiakirjanpito.fi\/sv\/wp-json\/wp\/v2\/pages\/124","targetHints":{"allow":["GET"]}}],"collection":[{"href":"https:\/\/konkretiakirjanpito.fi\/sv\/wp-json\/wp\/v2\/pages"}],"about":[{"href":"https:\/\/konkretiakirjanpito.fi\/sv\/wp-json\/wp\/v2\/types\/page"}],"author":[{"embeddable":true,"href":"https:\/\/konkretiakirjanpito.fi\/sv\/wp-json\/wp\/v2\/users\/2"}],"replies":[{"embeddable":true,"href":"https:\/\/konkretiakirjanpito.fi\/sv\/wp-json\/wp\/v2\/comments?post=124"}],"version-history":[{"count":20,"href":"https:\/\/konkretiakirjanpito.fi\/sv\/wp-json\/wp\/v2\/pages\/124\/revisions"}],"predecessor-version":[{"id":1421,"href":"https:\/\/konkretiakirjanpito.fi\/sv\/wp-json\/wp\/v2\/pages\/124\/revisions\/1421"}],"wp:featuredmedia":[{"embeddable":true,"href":"https:\/\/konkretiakirjanpito.fi\/sv\/wp-json\/wp\/v2\/media\/31"}],"wp:attachment":[{"href":"https:\/\/konkretiakirjanpito.fi\/sv\/wp-json\/wp\/v2\/media?parent=124"}],"curies":[{"name":"wp","href":"https:\/\/api.w.org\/{rel}","templated":true}]}}